{"id":2906,"date":"2026-03-31T16:42:00","date_gmt":"2026-03-31T16:42:00","guid":{"rendered":"https:\/\/wp.olset.io\/?page_id=2906"},"modified":"2026-04-15T17:30:45","modified_gmt":"2026-04-15T17:30:45","slug":"contact","status":"publish","type":"page","link":"https:\/\/wp.olset.io\/en\/contact\/","title":{"rendered":"contact"},"content":{"rendered":"\t\t<div data-elementor-type=\"wp-page\" data-elementor-id=\"2906\" class=\"elementor elementor-2906\" data-elementor-post-type=\"page\">\n\t\t\t\t<div class=\"elementor-element elementor-element-e8f6f65 no-animated-section e-flex e-con-boxed e-con e-parent\" data-id=\"e8f6f65\" data-element_type=\"container\" data-e-type=\"container\" data-settings=\"{&quot;background_background&quot;:&quot;classic&quot;,&quot;background_motion_fx_motion_fx_scrolling&quot;:&quot;yes&quot;,&quot;background_motion_fx_scale_effect&quot;:&quot;yes&quot;,&quot;shape_divider_bottom&quot;:&quot;curve&quot;,&quot;shape_divider_bottom_negative&quot;:&quot;yes&quot;,&quot;background_motion_fx_scale_speed&quot;:{&quot;unit&quot;:&quot;px&quot;,&quot;size&quot;:5,&quot;sizes&quot;:[]},&quot;background_motion_fx_scale_direction&quot;:&quot;out-in&quot;,&quot;background_motion_fx_scale_range&quot;:{&quot;unit&quot;:&quot;%&quot;,&quot;size&quot;:&quot;&quot;,&quot;sizes&quot;:{&quot;start&quot;:20,&quot;end&quot;:80}},&quot;background_motion_fx_devices&quot;:[&quot;desktop&quot;,&quot;tablet&quot;,&quot;mobile&quot;]}\">\n\t\t\t\t\t<div class=\"e-con-inner\">\n\t\t\t\t<div class=\"elementor-shape elementor-shape-bottom\" aria-hidden=\"true\" data-negative=\"true\">\n\t\t\t<svg xmlns=\"http:\/\/www.w3.org\/2000\/svg\" viewBox=\"0 0 1000 100\" preserveAspectRatio=\"none\">\n\t<path class=\"elementor-shape-fill\" d=\"M500,97C126.7,96.3,0.8,19.8,0,0v100l1000,0V1C1000,19.4,873.3,97.8,500,97z\"\/>\n<\/svg>\t\t<\/div>\n\t\t<div class=\"elementor-element elementor-element-5f2a00b e-con-full e-flex e-con e-child\" data-id=\"5f2a00b\" data-element_type=\"container\" data-e-type=\"container\">\n\t\t<div class=\"elementor-element elementor-element-916d185 e-con-full e-flex e-con e-child\" data-id=\"916d185\" data-element_type=\"container\" data-e-type=\"container\">\n\t\t\t\t<div class=\"elementor-element elementor-element-65a4675 elementor-widget elementor-widget-heading\" data-id=\"65a4675\" data-element_type=\"widget\" data-e-type=\"widget\" data-widget_type=\"heading.default\">\n\t\t\t\t\t<h1 class=\"elementor-heading-title elementor-size-default\">Contactez-nous<\/h1>\t\t\t\t<\/div>\n\t\t\t\t<div class=\"elementor-element elementor-element-cd8611d elementor-widget elementor-widget-heading\" data-id=\"cd8611d\" data-element_type=\"widget\" data-e-type=\"widget\" data-widget_type=\"heading.default\">\n\t\t\t\t\t<h3 class=\"elementor-heading-title elementor-size-default\">Repensons la mani\u00e8re de piloter votre immobilier<\/h3>\t\t\t\t<\/div>\n\t\t\t\t<\/div>\n\t\t\t\t<\/div>\n\t\t\t\t\t<\/div>\n\t\t\t\t<\/div>\n\t\t<div class=\"elementor-element elementor-element-63aacaa e-flex e-con-boxed e-con e-parent\" data-id=\"63aacaa\" data-element_type=\"container\" data-e-type=\"container\">\n\t\t\t\t\t<div class=\"e-con-inner\">\n\t\t\t\t<div class=\"elementor-element elementor-element-96302f6 elementor-button-align-center elementor-widget__width-initial elementor-widget elementor-widget-form\" data-id=\"96302f6\" data-element_type=\"widget\" data-e-type=\"widget\" data-settings=\"{&quot;step_next_label&quot;:&quot;Suivant&quot;,&quot;step_previous_label&quot;:&quot;Pr\\u00e9c\\u00e9dent&quot;,&quot;button_width&quot;:&quot;100&quot;,&quot;step_type&quot;:&quot;number_text&quot;,&quot;step_icon_shape&quot;:&quot;circle&quot;}\" data-widget_type=\"form.default\">\n\t\t\t\t\t\t\t<form class=\"elementor-form\" method=\"post\" name=\"formulaire piolet\" aria-label=\"formulaire piolet\">\n\t\t\t<input type=\"hidden\" name=\"post_id\" value=\"2906\"\/>\n\t\t\t<input type=\"hidden\" name=\"form_id\" value=\"96302f6\"\/>\n\t\t\t<input type=\"hidden\" name=\"referer_title\" value=\"\" \/>\n\n\t\t\t\n\t\t\t<div class=\"elementor-form-fields-wrapper elementor-labels-\">\n\t\t\t\t\t\t\t\t<div class=\"elementor-field-type-text elementor-field-group elementor-column elementor-field-group-name elementor-col-100\">\n\t\t\t\t\t\t\t\t\t\t\t\t\t<input size=\"1\" type=\"text\" name=\"form_fields[name]\" id=\"form-field-name\" class=\"elementor-field elementor-size-sm  elementor-field-textual\" placeholder=\"Nom\">\n\t\t\t\t\t\t\t\t\t\t\t<\/div>\n\t\t\t\t\t\t\t\t<div class=\"elementor-field-type-text elementor-field-group elementor-column elementor-field-group-societe elementor-col-100\">\n\t\t\t\t\t\t\t\t\t\t\t\t\t<input size=\"1\" type=\"text\" name=\"form_fields[societe]\" id=\"form-field-societe\" class=\"elementor-field elementor-size-sm  elementor-field-textual\" placeholder=\"Soci\u00e9t\u00e9\">\n\t\t\t\t\t\t\t\t\t\t\t<\/div>\n\t\t\t\t\t\t\t\t<div class=\"elementor-field-type-email elementor-field-group elementor-column elementor-field-group-email elementor-col-100 elementor-field-required\">\n\t\t\t\t\t\t\t\t\t\t\t\t\t<input size=\"1\" type=\"email\" name=\"form_fields[email]\" id=\"form-field-email\" class=\"elementor-field elementor-size-sm  elementor-field-textual\" placeholder=\"E-mail\" required=\"required\">\n\t\t\t\t\t\t\t\t\t\t\t<\/div>\n\t\t\t\t\t\t\t\t<div class=\"elementor-field-type-tel elementor-field-group elementor-column elementor-field-group-phone elementor-col-100\">\n\t\t\t\t\t\t\t<input size=\"1\" type=\"tel\" name=\"form_fields[phone]\" id=\"form-field-phone\" class=\"elementor-field elementor-size-sm  elementor-field-textual\" placeholder=\"N\u00b0 de t\u00e9l\u00e9phone\" pattern=\"[0-9()#&amp;+*-=.]+\" title=\"Only numbers and phone characters (#, -, *, etc) are accepted.\">\n\n\t\t\t\t\t\t<\/div>\n\t\t\t\t\t\t\t\t<div class=\"elementor-field-type-textarea elementor-field-group elementor-column elementor-field-group-message elementor-col-100 elementor-field-required\">\n\t\t\t\t\t<textarea class=\"elementor-field-textual elementor-field  elementor-size-sm\" name=\"form_fields[message]\" id=\"form-field-message\" rows=\"6\" placeholder=\"Message\" required=\"required\"><\/textarea>\t\t\t\t<\/div>\n\t\t\t\t\t\t\t\t<div class=\"elementor-field-type-checkbox elementor-field-group elementor-column elementor-field-group-field_906f788 elementor-col-100\">\n\t\t\t\t\t<div class=\"elementor-field-subgroup  \"><span class=\"elementor-field-option\"><input type=\"checkbox\" value=\"j accepte que mes donn\u00e9es personnelles soient r\u00e9utilis\u00e9es \u00e0 des fins d information et de contact\" id=\"form-field-field_906f788-0\" name=\"form_fields[field_906f788]\"> <label for=\"form-field-field_906f788-0\">j accepte que mes donn\u00e9es personnelles soient r\u00e9utilis\u00e9es \u00e0 des fins d information et de contact<\/label><\/span><\/div>\t\t\t\t<\/div>\n\t\t\t\t\t\t\t\t<div class=\"elementor-field-type-recaptcha_v3 elementor-field-group elementor-column elementor-field-group-field_0089288 elementor-col-100 recaptcha_v3-bottomright\">\n\t\t\t\t\t<div class=\"elementor-field\" id=\"form-field-field_0089288\"><\/div>\t\t\t\t<\/div>\n\t\t\t\t\t\t\t\t<div class=\"elementor-field-group elementor-column elementor-field-type-submit elementor-col-100 e-form__buttons\">\n\t\t\t\t\t<button class=\"elementor-button elementor-size-sm\" type=\"submit\">\n\t\t\t\t\t\t<span class=\"elementor-button-content-wrapper\">\n\t\t\t\t\t\t\t\t\t\t\t\t\t\t\t\t\t\t\t\t\t\t<span class=\"elementor-button-text\">Envoyer<\/span>\n\t\t\t\t\t\t\t\t\t\t\t\t\t<\/span>\n\t\t\t\t\t<\/button>\n\t\t\t\t<\/div>\n\t\t\t<\/div>\n\t\t<\/form>\n\t\t\t\t\t\t<\/div>\n\t\t\t\t\t<\/div>\n\t\t\t\t<\/div>\n\t\t\t\t<\/div>\n\t\t","protected":false},"excerpt":{"rendered":"<p>Contactez-nous Repensons la mani\u00e8re de piloter votre immobilier<\/p>","protected":false},"author":2,"featured_media":0,"parent":0,"menu_order":0,"comment_status":"closed","ping_status":"closed","template":"","meta":{"footnotes":""},"class_list":["post-2906","page","type-page","status-publish","hentry"],"elementor_data":[{"id":"e8f6f65","elType":"container","settings":{"boxed_width":{"unit":"%","size":80,"sizes":[]},"boxed_width_tablet":{"unit":"em","size":"","sizes":[]},"boxed_width_mobile":{"unit":"em","size":"","sizes":[]},"min_height":{"unit":"vh","size":60,"sizes":[]},"min_height_tablet":{"unit":"vh","size":"","sizes":[]},"min_height_mobile":{"unit":"vh","size":"","sizes":[]},"background_background":"classic","background_video_link":"https:\/\/wp.olset.io\/wp-content\/uploads\/2026\/01\/HEROVIDEO-2-ULTRALIGHT.mp4","flex_direction":"column","flex_justify_content":"flex-end","background_overlay_background":"gradient","background_overlay_color":"#0B0F284D","background_overlay_color_b":"#0B0F28","background_overlay_gradient_angle":{"unit":"deg","size":200,"sizes":[]},"background_overlay_opacity":{"unit":"px","size":1,"sizes":[]},"margin":{"unit":"px","top":"0","right":"0","bottom":"0","left":"0","isLinked":true},"padding":{"unit":"em","top":"0","right":"0","bottom":"5","left":"0","isLinked":false},"padding_tablet":{"unit":"em","top":"","right":"","bottom":"","left":"","isLinked":true},"padding_mobile":{"unit":"em","top":"0","right":"0","bottom":"4","left":"0","isLinked":false},"css_classes":"no-animated-section","__globals__":{"background_overlay_color":"","background_overlay_color_b":"globals\/colors?id=366de70","shape_divider_bottom_color":"globals\/colors?id=366de70"},"flex_justify_content_mobile":"flex-end","background_play_on_mobile":"yes","background_image":{"url":"https:\/\/wp.olset.io\/wp-content\/uploads\/2026\/03\/wellorganized-home-office-featuring-panoramic-window-overlooking-vibrant-cityscape-after-dusk_LIGHT.jpg","id":3201,"size":"","alt":"","source":"library"},"overflow":"hidden","background_motion_fx_motion_fx_scrolling":"yes","background_motion_fx_translateY_speed":{"unit":"px","size":1,"sizes":[]},"background_motion_fx_translateX_speed":{"unit":"px","size":2,"sizes":[]},"background_motion_fx_blur_level":{"unit":"px","size":15,"sizes":[]},"background_motion_fx_blur_range":{"unit":"%","size":"","sizes":{"start":0,"end":100}},"background_motion_fx_scale_effect":"yes","css_filters_blur":{"unit":"px","size":10,"sizes":[]},"border_radius":{"unit":"em","top":"0","right":"0","bottom":"0","left":"0","isLinked":false},"border_radius_tablet":{"unit":"em","top":"","right":"","bottom":"","left":"","isLinked":true},"border_radius_mobile":{"unit":"em","top":"","right":"","bottom":"","left":"","isLinked":true},"shape_divider_bottom":"curve","shape_divider_bottom_width":{"unit":"vw","size":250,"sizes":[]},"shape_divider_bottom_width_tablet":{"unit":"vw","size":"","sizes":[]},"shape_divider_bottom_width_mobile":{"unit":"vw","size":"","sizes":[]},"shape_divider_bottom_height":{"unit":"em","size":12,"sizes":[]},"shape_divider_bottom_height_tablet":{"unit":"em","size":"","sizes":[]},"shape_divider_bottom_height_mobile":{"unit":"em","size":"","sizes":[]},"shape_divider_bottom_negative":"yes","background_motion_fx_scale_speed":{"unit":"px","size":5,"sizes":[]},"flex_align_items":"center","background_position":"center center","background_repeat":"no-repeat","background_size":"cover"},"elements":[{"id":"5f2a00b","elType":"container","settings":{"content_width":"full","width":{"unit":"%","size":64,"sizes":[]},"width_tablet":{"unit":"%","size":85,"sizes":[]},"width_mobile":{"unit":"%","size":100,"sizes":[]},"flex_gap":{"column":"2","row":"2","isLinked":true,"unit":"em","size":2},"flex_gap_tablet":{"column":"","row":"","isLinked":true,"unit":"em","size":null},"flex_gap_mobile":{"column":"","row":"","isLinked":true,"unit":"em","size":null},"flex_justify_content":"center","flex_direction":"column","flex_align_items":"center"},"elements":[{"id":"916d185","elType":"container","settings":{"content_width":"full","flex_gap":{"column":"1","row":"1","isLinked":true,"unit":"em","size":1},"flex_gap_tablet":{"column":"","row":"","isLinked":true,"unit":"em","size":null},"flex_gap_mobile":{"column":"","row":"","isLinked":true,"unit":"em","size":null}},"elements":[{"id":"65a4675","elType":"widget","settings":{"title":"Contactez-nous","header_size":"h1","typography_font_size":{"unit":"em","size":3.5,"sizes":[]},"typography_font_size_tablet":{"unit":"em","size":"","sizes":[]},"typography_font_size_mobile":{"unit":"em","size":2.2,"sizes":[]},"align":"center"},"elements":[],"widgetType":"heading"},{"id":"cd8611d","elType":"widget","settings":{"title":"Repensons la mani\u00e8re de piloter votre immobilier","header_size":"h3","typography_font_size":{"unit":"em","size":3.5,"sizes":[]},"typography_font_size_tablet":{"unit":"em","size":"","sizes":[]},"typography_font_size_mobile":{"unit":"em","size":2.2,"sizes":[]},"align":"center"},"elements":[],"widgetType":"heading"}],"isInner":true}],"isInner":true}],"isInner":false},{"id":"63aacaa","elType":"container","settings":{"flex_gap":{"column":"3","row":"3","isLinked":true,"unit":"em","size":3},"flex_gap_tablet":{"column":"","row":"","isLinked":true,"unit":"em","size":null},"flex_gap_mobile":{"column":"","row":"","isLinked":true,"unit":"em","size":null},"padding":{"unit":"em","top":"5","right":"0","bottom":"5","left":"0","isLinked":false},"padding_tablet":{"unit":"em","top":"","right":"","bottom":"","left":"","isLinked":true},"padding_mobile":{"unit":"em","top":"","right":"","bottom":"","left":"","isLinked":true},"boxed_width":{"unit":"vw","size":50,"sizes":[]},"boxed_width_tablet":{"unit":"%","size":"","sizes":[]},"boxed_width_mobile":{"unit":"%","size":"","sizes":[]},"_title":"Nos Valeurs","flex_direction":"row","shape_divider_bottom_width":{"unit":"vw","size":150,"sizes":[]},"shape_divider_bottom_width_tablet":{"unit":"vw","size":"","sizes":[]},"shape_divider_bottom_width_mobile":{"unit":"vw","size":"","sizes":[]},"shape_divider_bottom_height":{"unit":"em","size":12,"sizes":[]},"shape_divider_bottom_height_tablet":{"unit":"em","size":"","sizes":[]},"shape_divider_bottom_height_mobile":{"unit":"em","size":"","sizes":[]},"shape_divider_bottom_negative":"yes","__globals__":{"background_color":"globals\/colors?id=366de70","background_color_b":"globals\/colors?id=primary","shape_divider_bottom_color":"globals\/colors?id=366de70"}},"elements":[{"id":"96302f6","elType":"widget","settings":{"form_name":"formulaire piolet","form_fields":[{"custom_id":"name","placeholder":"Nom","dynamic":{"active":true},"_id":"b01a289"},{"custom_id":"societe","placeholder":"Soci\u00e9t\u00e9","_id":"e159052"},{"custom_id":"email","field_type":"email","required":"true","placeholder":"E-mail","_id":"b2fb7d5"},{"_id":"3d1d293","field_type":"tel","placeholder":"N\u00b0 de t\u00e9l\u00e9phone","custom_id":"phone"},{"custom_id":"message","field_type":"textarea","placeholder":"Message","_id":"dc6555b","rows":6,"required":"true"},{"_id":"906f788","field_type":"checkbox","field_options":"j accepte que mes donn\u00e9es personnelles soient r\u00e9utilis\u00e9es \u00e0 des fins d information et de contact","custom_id":"field_906f788"},{"_id":"0089288","field_type":"recaptcha_v3","custom_id":"field_0089288"}],"step_next_label":"Suivant","step_previous_label":"Pr\u00e9c\u00e9dent","button_text":"Envoyer","email_content":"<b>Nouveau message de :<\/b> [field id=\"name\"]<br>\n<b>Soci\u00e9t\u00e9 :<\/b> [field id=\"societe\"]<\/br>\n<b>Email :<\/b> [field id=\"email\"]<br>\n<b>T\u00e9l\u00e9phone :<\/b> [field id=\"phone\"]<br>\n<br>\n<b>MESSAGE :<\/b>\n<br>\n[field id=\"message\"]\n\n","email_content_2":"[all-fields]","success_message":"Votre envoi est effectif.","error_message":"Votre envoi a \u00e9chou\u00e9 en raison d\u2019une erreur.","server_message":"Votre envoi a \u00e9chou\u00e9 en raison d\u2019une erreur serveur. ","invalid_message":"Votre envoi a \u00e9chou\u00e9 car le formulaire est non valide.","required_field_message":"Ce champ est n\u00e9cessaire.","column_gap":{"unit":"px","size":"","sizes":[]},"row_gap":{"unit":"em","size":1,"sizes":[]},"label_spacing":{"unit":"em","size":"","sizes":[]},"html_spacing":{"unit":"em","size":"","sizes":[]},"field_typography_font_family":"kade","field_typography_font_size":{"unit":"vw","size":1,"sizes":[]},"field_typography_font_size_tablet":{"unit":"vw","size":1.5,"sizes":[]},"field_typography_font_size_mobile":{"unit":"vw","size":4,"sizes":[]},"field_typography_font_weight":"500","field_border_width":{"unit":"em","top":"0","right":"0","bottom":"0","left":"0","isLinked":true},"field_border_radius":{"unit":"em","top":"1","right":"1","bottom":"1","left":"1","isLinked":true},"button_align":"center","button_typography_font_size_tablet":{"unit":"vw","size":"","sizes":[]},"button_typography_font_size_mobile":{"unit":"vw","size":4,"sizes":[]},"button_typography_font_weight":"600","button_background_hover_color":"#F2F2F4","button_border_radius":{"unit":"em","top":"20","right":"20","bottom":"20","left":"20","isLinked":true},"button_text_padding":{"unit":"%","top":"1","right":"5","bottom":"1","left":"5","isLinked":false},"step_divider_width":{"unit":"px","size":"","sizes":[]},"__globals__":{"button_background_hover_color":"globals\/colors?id=accent","field_background_color":"globals\/colors?id=primary","field_text_color":"globals\/colors?id=accent","button_background_color":"globals\/colors?id=secondary","field_border_color":"","previous_button_text_color_hover":"","button_text_color":"globals\/colors?id=accent","button_hover_color":"globals\/colors?id=secondary"},"form_metadata":["date","time"],"label_typography_font_family":"kade","label_typography_font_size":{"unit":"vw","size":"","sizes":[]},"label_typography_font_size_tablet":{"unit":"vw","size":"","sizes":[]},"label_typography_font_size_mobile":{"unit":"vw","size":"","sizes":[]},"label_typography_font_weight":"400","html_typography_font_family":"Roboto","html_typography_font_weight":"400","_element_width":"initial","_element_custom_width":{"unit":"%","size":100,"sizes":[]},"_element_custom_width_mobile":{"unit":"%","size":100,"sizes":[]},"email_to":"timothee.magere@gmail.com","email_subject":"Nouveau message de [field id=\"name\"]","email_from":"email@wp.olset.io","email_from_name":"[field id=\"name\"] - [field id=\"societe\"]","email_to_2":"timothee.magere@gmail.com","email_subject_2":"Nouveau message depuis \u00ab\u00a0Piolet-Conseil\u00a0\u00bb","email_from_2":"email@piolet-conseil.fr","email_from_name_2":"Piolet-Conseil","email_reply_to_2":"timothee.magere@gmail.com","activecampaign_fields_map":[],"convertkit_fields_map":[],"drip_fields_map":[],"getresponse_fields_map":[],"mailchimp_fields_map":[],"mailerlite_fields_map":[],"field_text_color":"#F2F2F4","button_background_color":"#5386E0","custom_css":"selector :is(input, textarea)  {\n    backdrop-filter: blur(5px) brightness(110%);\n}","email_reply_to":"email","submit_actions":["save-to-database","email"],"show_labels":"","field_background_color":"#131A44","button_typography_typography":"custom","button_text_color":"#F2F2F4","previous_button_text_color":"","button_hover_color":"#5386E0","previous_button_text_color_hover":""},"elements":[],"widgetType":"form"}],"isInner":false}],"elementor_edit_mode":"builder","_links":{"self":[{"href":"https:\/\/wp.olset.io\/en\/wp-json\/wp\/v2\/pages\/2906","targetHints":{"allow":["GET"]}}],"collection":[{"href":"https:\/\/wp.olset.io\/en\/wp-json\/wp\/v2\/pages"}],"about":[{"href":"https:\/\/wp.olset.io\/en\/wp-json\/wp\/v2\/types\/page"}],"author":[{"embeddable":true,"href":"https:\/\/wp.olset.io\/en\/wp-json\/wp\/v2\/users\/2"}],"replies":[{"embeddable":true,"href":"https:\/\/wp.olset.io\/en\/wp-json\/wp\/v2\/comments?post=2906"}],"version-history":[{"count":47,"href":"https:\/\/wp.olset.io\/en\/wp-json\/wp\/v2\/pages\/2906\/revisions"}],"predecessor-version":[{"id":3997,"href":"https:\/\/wp.olset.io\/en\/wp-json\/wp\/v2\/pages\/2906\/revisions\/3997"}],"wp:attachment":[{"href":"https:\/\/wp.olset.io\/en\/wp-json\/wp\/v2\/media?parent=2906"}],"curies":[{"name":"wp","href":"https:\/\/api.w.org\/{rel}","templated":true}]}}